{"id":2,"date":"2026-01-10T16:27:36","date_gmt":"2026-01-10T16:27:36","guid":{"rendered":"https:\/\/ottpremiums.com\/?page_id=2"},"modified":"2026-01-10T16:27:36","modified_gmt":"2026-01-10T16:27:36","slug":"sample-page","status":"publish","type":"page","link":"https:\/\/ottpremiums.com\/iptv2\/sample-page\/","title":{"rendered":"Sample Page"},"content":{"rendered":"\n<p>This is an example page. It&#8217;s different from a blog post because it will stay in one place and will show up in your site navigation (in most themes). Most people start with an About page that introduces them to potential site visitors. It might say something like this:<\/p>\n\n\n\n<blockquote class=\"wp-block-quote is-layout-flow wp-block-quote-is-layout-flow\">\n\n<p>Hi there! I&#8217;m a bike messenger by day, aspiring actor by night, and this is my website. I live in Los Angeles, have a great dog named Jack, and I like pi&#241;a coladas. (And gettin&#8217; caught in the rain.)<\/p>\n\n<\/blockquote>\n\n\n\n<p>&#8230;or something like this:<\/p>\n\n\n\n<blockquote class=\"wp-block-quote is-layout-flow wp-block-quote-is-layout-flow\">\n\n<p>The XYZ Doohickey Company was founded in 1971, and has been providing quality doohickeys to the public ever since. Located in Gotham City, XYZ employs over 2,000 people and does all kinds of awesome things for the Gotham community.<\/p>\n\n<\/blockquote>\n\n\n\n<p>As a new WordPress user, you should go to <a href=\"https:\/\/ottpremiums.com\/wp-admin\/\">your dashboard<\/a> to delete this page and create new pages for your content. Have fun!<\/p>\n","protected":false},"excerpt":{"rendered":"<p>This is an example page. It&#8217;s different from a blog post because it will stay in one place and will show up in your site navigation (in most themes). Most people start with an About page that introduces them to potential site visitors. It might say something like this: Hi there! I&#8217;m a bike messenger by day, aspiring actor by night, and this is my website. I live in Los Angeles, have a great dog named Jack, and I like pi&#241;a coladas. (And gettin&#8217; caught in the rain.) &#8230;or something like this: The XYZ Doohickey Company was founded in 1971, and has been providing quality doohickeys to the public ever since. Located in Gotham City, XYZ employs over 2,000 people and does all kinds of awesome things for the Gotham community. As a new WordPress user, you should go to your dashboard to delete this page and create new pages for your content. Have fun!<\/p>\n","protected":false},"author":1,"featured_media":0,"parent":0,"menu_order":0,"comment_status":"closed","ping_status":"open","template":"","meta":{"_monsterinsights_skip_tracking":false,"_monsterinsights_sitenote_active":false,"_monsterinsights_sitenote_note":"","_monsterinsights_sitenote_category":0,"footnotes":""},"class_list":["post-2","page","type-page","status-publish","hentry"],"yoast_head":"<!-- This site is optimized with the Yoast SEO plugin v26.7 - https:\/\/yoast.com\/wordpress\/plugins\/seo\/ -->\n<title>OTT PREMIUM - Abonnements IPTV de Qualit\u00e9 Sup\u00e9rieure<\/title>\n<meta name=\"description\" content=\"D\u00e9couvrez OTT PREMIUM, votre fournisseur d&#039;abonnements IPTV offrant une vaste s\u00e9lection de cha\u00eenes et de VOD en qualit\u00e9 4K\/FHD\/HD. Parmi les 3 meilleurs serveurs OTT en Europe.\" \/>\n<meta name=\"robots\" content=\"index, follow, max-snippet:-1, max-image-preview:large, max-video-preview:-1\" \/>\n<link rel=\"canonical\" href=\"https:\/\/ottpremiums.com\/iptv2\/sample-page\/\" \/>\n<meta property=\"og:locale\" content=\"en_US\" \/>\n<meta property=\"og:type\" content=\"article\" \/>\n<meta property=\"og:title\" content=\"OTT PREMIUM - Abonnements IPTV de Qualit\u00e9 Sup\u00e9rieure\" \/>\n<meta property=\"og:description\" content=\"D\u00e9couvrez OTT PREMIUM, votre fournisseur d&#039;abonnements IPTV offrant une vaste s\u00e9lection de cha\u00eenes et de VOD en qualit\u00e9 4K\/FHD\/HD. Parmi les 3 meilleurs serveurs OTT en Europe.\" \/>\n<meta property=\"og:url\" content=\"https:\/\/ottpremiums.com\/iptv2\/sample-page\/\" \/>\n<meta property=\"og:image\" content=\"https:\/\/ottpremiums.com\/wp-content\/uploads\/2026\/01\/ottpremiumlogo-2.webp\" \/>\n\t<meta property=\"og:image:width\" content=\"1536\" \/>\n\t<meta property=\"og:image:height\" content=\"1024\" \/>\n\t<meta property=\"og:image:type\" content=\"image\/webp\" \/>\n<meta name=\"twitter:card\" content=\"summary_large_image\" \/>\n<meta name=\"twitter:label1\" content=\"Est. reading time\" \/>\n\t<meta name=\"twitter:data1\" content=\"1 minute\" \/>\n<script type=\"application\/ld+json\" class=\"yoast-schema-graph\">{\"@context\":\"https:\/\/schema.org\",\"@graph\":[{\"@type\":\"WebPage\",\"@id\":\"https:\/\/ottpremiums.com\/iptv2\/sample-page\/\",\"url\":\"https:\/\/ottpremiums.com\/iptv2\/sample-page\/\",\"name\":\"OTT PREMIUM - Abonnements IPTV de Qualit\u00e9 Sup\u00e9rieure\",\"isPartOf\":{\"@id\":\"https:\/\/ottpremiums.com\/iptv2\/#website\"},\"datePublished\":\"2026-01-10T16:27:36+00:00\",\"description\":\"D\u00e9couvrez OTT PREMIUM, votre fournisseur d'abonnements IPTV offrant une vaste s\u00e9lection de cha\u00eenes et de VOD en qualit\u00e9 4K\/FHD\/HD. Parmi les 3 meilleurs serveurs OTT en Europe.\",\"breadcrumb\":{\"@id\":\"https:\/\/ottpremiums.com\/iptv2\/sample-page\/#breadcrumb\"},\"inLanguage\":\"en-US\",\"potentialAction\":[{\"@type\":\"ReadAction\",\"target\":[\"https:\/\/ottpremiums.com\/iptv2\/sample-page\/\"]}]},{\"@type\":\"BreadcrumbList\",\"@id\":\"https:\/\/ottpremiums.com\/iptv2\/sample-page\/#breadcrumb\",\"itemListElement\":[{\"@type\":\"ListItem\",\"position\":1,\"name\":\"Home\",\"item\":\"https:\/\/ottpremiums.com\/iptv2\/\"},{\"@type\":\"ListItem\",\"position\":2,\"name\":\"Sample Page\"}]},{\"@type\":\"WebSite\",\"@id\":\"https:\/\/ottpremiums.com\/iptv2\/#website\",\"url\":\"https:\/\/ottpremiums.com\/iptv2\/\",\"name\":\"OTT PREMIUM - Abonnements IPTV de Qualit\u00e9 Sup\u00e9rieure\",\"description\":\"\",\"publisher\":{\"@id\":\"https:\/\/ottpremiums.com\/iptv2\/#organization\"},\"alternateName\":\"OTT PREMIUM - Abonnements IPTV de Qualit\u00e9 Sup\u00e9rieure\",\"potentialAction\":[{\"@type\":\"SearchAction\",\"target\":{\"@type\":\"EntryPoint\",\"urlTemplate\":\"https:\/\/ottpremiums.com\/iptv2\/?s={search_term_string}\"},\"query-input\":{\"@type\":\"PropertyValueSpecification\",\"valueRequired\":true,\"valueName\":\"search_term_string\"}}],\"inLanguage\":\"en-US\"},{\"@type\":\"Organization\",\"@id\":\"https:\/\/ottpremiums.com\/iptv2\/#organization\",\"name\":\"ottpremium officiel\",\"url\":\"https:\/\/ottpremiums.com\/iptv2\/\",\"logo\":{\"@type\":\"ImageObject\",\"inLanguage\":\"en-US\",\"@id\":\"https:\/\/ottpremiums.com\/iptv2\/#\/schema\/logo\/image\/\",\"url\":\"https:\/\/ottpremiums.com\/wp-content\/uploads\/2026\/01\/ottpremiumlogo-2.webp\",\"contentUrl\":\"https:\/\/ottpremiums.com\/wp-content\/uploads\/2026\/01\/ottpremiumlogo-2.webp\",\"width\":1536,\"height\":1024,\"caption\":\"ottpremium officiel\"},\"image\":{\"@id\":\"https:\/\/ottpremiums.com\/iptv2\/#\/schema\/logo\/image\/\"},\"sameAs\":[\"https:\/\/www.instagram.com\/ott_premium_official\/\"]}]}<\/script>\n<!-- \/ Yoast SEO plugin. -->","yoast_head_json":{"title":"OTT PREMIUM - Abonnements IPTV de Qualit\u00e9 Sup\u00e9rieure","description":"D\u00e9couvrez OTT PREMIUM, votre fournisseur d'abonnements IPTV offrant une vaste s\u00e9lection de cha\u00eenes et de VOD en qualit\u00e9 4K\/FHD\/HD. Parmi les 3 meilleurs serveurs OTT en Europe.","robots":{"index":"index","follow":"follow","max-snippet":"max-snippet:-1","max-image-preview":"max-image-preview:large","max-video-preview":"max-video-preview:-1"},"canonical":"https:\/\/ottpremiums.com\/iptv2\/sample-page\/","og_locale":"en_US","og_type":"article","og_title":"OTT PREMIUM - Abonnements IPTV de Qualit\u00e9 Sup\u00e9rieure","og_description":"D\u00e9couvrez OTT PREMIUM, votre fournisseur d'abonnements IPTV offrant une vaste s\u00e9lection de cha\u00eenes et de VOD en qualit\u00e9 4K\/FHD\/HD. Parmi les 3 meilleurs serveurs OTT en Europe.","og_url":"https:\/\/ottpremiums.com\/iptv2\/sample-page\/","og_image":[{"width":1536,"height":1024,"url":"https:\/\/ottpremiums.com\/wp-content\/uploads\/2026\/01\/ottpremiumlogo-2.webp","type":"image\/webp"}],"twitter_card":"summary_large_image","twitter_misc":{"Est. reading time":"1 minute"},"schema":{"@context":"https:\/\/schema.org","@graph":[{"@type":"WebPage","@id":"https:\/\/ottpremiums.com\/iptv2\/sample-page\/","url":"https:\/\/ottpremiums.com\/iptv2\/sample-page\/","name":"OTT PREMIUM - Abonnements IPTV de Qualit\u00e9 Sup\u00e9rieure","isPartOf":{"@id":"https:\/\/ottpremiums.com\/iptv2\/#website"},"datePublished":"2026-01-10T16:27:36+00:00","description":"D\u00e9couvrez OTT PREMIUM, votre fournisseur d'abonnements IPTV offrant une vaste s\u00e9lection de cha\u00eenes et de VOD en qualit\u00e9 4K\/FHD\/HD. Parmi les 3 meilleurs serveurs OTT en Europe.","breadcrumb":{"@id":"https:\/\/ottpremiums.com\/iptv2\/sample-page\/#breadcrumb"},"inLanguage":"en-US","potentialAction":[{"@type":"ReadAction","target":["https:\/\/ottpremiums.com\/iptv2\/sample-page\/"]}]},{"@type":"BreadcrumbList","@id":"https:\/\/ottpremiums.com\/iptv2\/sample-page\/#breadcrumb","itemListElement":[{"@type":"ListItem","position":1,"name":"Home","item":"https:\/\/ottpremiums.com\/iptv2\/"},{"@type":"ListItem","position":2,"name":"Sample Page"}]},{"@type":"WebSite","@id":"https:\/\/ottpremiums.com\/iptv2\/#website","url":"https:\/\/ottpremiums.com\/iptv2\/","name":"OTT PREMIUM - Abonnements IPTV de Qualit\u00e9 Sup\u00e9rieure","description":"","publisher":{"@id":"https:\/\/ottpremiums.com\/iptv2\/#organization"},"alternateName":"OTT PREMIUM - Abonnements IPTV de Qualit\u00e9 Sup\u00e9rieure","potentialAction":[{"@type":"SearchAction","target":{"@type":"EntryPoint","urlTemplate":"https:\/\/ottpremiums.com\/iptv2\/?s={search_term_string}"},"query-input":{"@type":"PropertyValueSpecification","valueRequired":true,"valueName":"search_term_string"}}],"inLanguage":"en-US"},{"@type":"Organization","@id":"https:\/\/ottpremiums.com\/iptv2\/#organization","name":"ottpremium officiel","url":"https:\/\/ottpremiums.com\/iptv2\/","logo":{"@type":"ImageObject","inLanguage":"en-US","@id":"https:\/\/ottpremiums.com\/iptv2\/#\/schema\/logo\/image\/","url":"https:\/\/ottpremiums.com\/wp-content\/uploads\/2026\/01\/ottpremiumlogo-2.webp","contentUrl":"https:\/\/ottpremiums.com\/wp-content\/uploads\/2026\/01\/ottpremiumlogo-2.webp","width":1536,"height":1024,"caption":"ottpremium officiel"},"image":{"@id":"https:\/\/ottpremiums.com\/iptv2\/#\/schema\/logo\/image\/"},"sameAs":["https:\/\/www.instagram.com\/ott_premium_official\/"]}]}},"jetpack_sharing_enabled":true,"rttpg_featured_image_url":null,"rttpg_author":{"display_name":"ott premium","author_link":"https:\/\/ottpremiums.com\/iptv2\/author\/kobon244gmail-com\/"},"rttpg_comment":1,"rttpg_category":null,"rttpg_excerpt":"This is an example page. It&#8217;s different from a blog post because it will stay in one place and will show up in your site navigation (in most themes). Most people start with an About page that introduces them to potential site visitors. It might say something like this: Hi there! I&#8217;m a bike messenger&hellip;","_links":{"self":[{"href":"https:\/\/ottpremiums.com\/iptv2\/wp-json\/wp\/v2\/pages\/2","targetHints":{"allow":["GET"]}}],"collection":[{"href":"https:\/\/ottpremiums.com\/iptv2\/wp-json\/wp\/v2\/pages"}],"about":[{"href":"https:\/\/ottpremiums.com\/iptv2\/wp-json\/wp\/v2\/types\/page"}],"author":[{"embeddable":true,"href":"https:\/\/ottpremiums.com\/iptv2\/wp-json\/wp\/v2\/users\/1"}],"replies":[{"embeddable":true,"href":"https:\/\/ottpremiums.com\/iptv2\/wp-json\/wp\/v2\/comments?post=2"}],"version-history":[{"count":0,"href":"https:\/\/ottpremiums.com\/iptv2\/wp-json\/wp\/v2\/pages\/2\/revisions"}],"wp:attachment":[{"href":"https:\/\/ottpremiums.com\/iptv2\/wp-json\/wp\/v2\/media?parent=2"}],"curies":[{"name":"wp","href":"https:\/\/api.w.org\/{rel}","templated":true}]}}